{"id":19955,"date":"2024-04-16T07:10:45","date_gmt":"2024-04-16T11:10:45","guid":{"rendered":"https:\/\/staging.3eco.com\/seguridad-quimica-y-laboral\/"},"modified":"2024-04-16T07:10:45","modified_gmt":"2024-04-16T11:10:45","slug":"seguridad-quimica-y-laboral","status":"publish","type":"page","link":"https:\/\/www.3eco.com\/es\/seguridad-quimica-y-laboral\/","title":{"rendered":"Seguridad qu\u00edmica y laboral"},"content":{"rendered":"","protected":false},"excerpt":{"rendered":"","protected":false},"author":17,"featured_media":16042,"parent":0,"menu_order":0,"comment_status":"closed","ping_status":"closed","template":"page-solution.php","meta":{"_acf_changed":false,"inline_featured_image":false,"_3eco_schema_page_type":"","footnotes":""},"capability":[99],"content-type":[],"industry":[26,27,28,31,33,34,35,36],"product-and-service":[38,41,41,42,44],"region":[],"service-type":[],"solution":[63],"topic":[],"class_list":{"0":"post-19955","1":"page","2":"type-page","3":"status-publish","4":"has-post-thumbnail","5":"hentry","6":"capability-chemical-inventory-management","7":"industry-chemicals","8":"industry-construction","9":"industry-consumer-packaged-goods","10":"industry-manufacturing","11":"industry-pharma","12":"industry-plastics","13":"industry-retail","14":"industry-transportation","15":"product-and-service-3e-erc","16":"product-and-service-3e-insight","18":"product-and-service-3e-news","19":"product-and-service-3e-regulatory-content-api","20":"solution-horizon-scanning"},"acf":[],"yoast_head":"<!-- This site is optimized with the Yoast SEO Premium plugin v26.8 (Yoast SEO v27.1.1) - https:\/\/yoast.com\/product\/yoast-seo-premium-wordpress\/ -->\n<title>Seguridad qu\u00edmica y laboral | 3E<\/title>\n<meta name=\"description\" content=\"Garantizar la seguridad qu\u00edmica y laboral nunca ha sido tan dif\u00edcil ni tan importante. Aborda los retos fundamentales con 3E.\" \/>\n<meta name=\"robots\" content=\"index, follow, max-snippet:-1, max-image-preview:large, max-video-preview:-1\" \/>\n<link rel=\"canonical\" href=\"https:\/\/www.3eco.com\/es\/seguridad-quimica-y-laboral\/\" \/>\n<meta property=\"og:locale\" content=\"es_ES\" \/>\n<meta property=\"og:type\" content=\"article\" \/>\n<meta property=\"og:title\" content=\"Seguridad qu\u00edmica y laboral\" \/>\n<meta property=\"og:description\" content=\"Garantizar la seguridad qu\u00edmica y laboral nunca ha sido tan dif\u00edcil ni tan importante. Aborda los retos fundamentales con 3E.\" \/>\n<meta property=\"og:url\" content=\"https:\/\/www.3eco.com\/es\/seguridad-quimica-y-laboral\/\" \/>\n<meta property=\"og:site_name\" content=\"3E\" \/>\n<meta property=\"article:publisher\" content=\"https:\/\/web.facebook.com\/3ESaferWorld\" \/>\n<meta property=\"og:image\" content=\"https:\/\/www.3eco.com\/wp-content\/uploads\/2024\/05\/banner_1x1_workplace-safety-parent-page-overlay.jpg?v=1.0.10\" \/>\n\t<meta property=\"og:image:width\" content=\"1200\" \/>\n\t<meta property=\"og:image:height\" content=\"1200\" \/>\n\t<meta property=\"og:image:type\" content=\"image\/jpeg\" \/>\n<meta name=\"twitter:card\" content=\"summary_large_image\" \/>\n<meta name=\"twitter:site\" content=\"@3E_Safer_World\" \/>\n<script type=\"application\/ld+json\" class=\"yoast-schema-graph\">{\"@context\":\"https:\/\/schema.org\",\"@graph\":[{\"@type\":\"WebPage\",\"@id\":\"https:\/\/www.3eco.com\/es\/seguridad-quimica-y-laboral\/\",\"url\":\"https:\/\/www.3eco.com\/es\/seguridad-quimica-y-laboral\/\",\"name\":\"Seguridad qu\u00edmica y laboral | 3E\",\"isPartOf\":{\"@id\":\"https:\/\/www.3eco.com\/es\/#website\"},\"primaryImageOfPage\":{\"@id\":\"https:\/\/www.3eco.com\/es\/seguridad-quimica-y-laboral\/#primaryimage\"},\"image\":{\"@id\":\"https:\/\/www.3eco.com\/es\/seguridad-quimica-y-laboral\/#primaryimage\"},\"thumbnailUrl\":\"https:\/\/www.3eco.com\/wp-content\/uploads\/2024\/05\/banner_1x1_workplace-safety-parent-page-overlay.jpg?v=1.0.10\",\"datePublished\":\"2024-04-16T11:10:45+00:00\",\"description\":\"Garantizar la seguridad qu\u00edmica y laboral nunca ha sido tan dif\u00edcil ni tan importante. Aborda los retos fundamentales con 3E.\",\"breadcrumb\":{\"@id\":\"https:\/\/www.3eco.com\/es\/seguridad-quimica-y-laboral\/#breadcrumb\"},\"inLanguage\":\"es-ES\",\"potentialAction\":[{\"@type\":\"ReadAction\",\"target\":[\"https:\/\/www.3eco.com\/es\/seguridad-quimica-y-laboral\/\"]}]},{\"@type\":\"ImageObject\",\"inLanguage\":\"es-ES\",\"@id\":\"https:\/\/www.3eco.com\/es\/seguridad-quimica-y-laboral\/#primaryimage\",\"url\":\"https:\/\/www.3eco.com\/wp-content\/uploads\/2024\/05\/banner_1x1_workplace-safety-parent-page-overlay.jpg?v=1.0.10\",\"contentUrl\":\"https:\/\/www.3eco.com\/wp-content\/uploads\/2024\/05\/banner_1x1_workplace-safety-parent-page-overlay.jpg?v=1.0.10\",\"width\":1200,\"height\":1200,\"caption\":\"3E Protect structures chemical and SDS data according to defined normalization standards\"},{\"@type\":\"BreadcrumbList\",\"@id\":\"https:\/\/www.3eco.com\/es\/seguridad-quimica-y-laboral\/#breadcrumb\",\"itemListElement\":[{\"@type\":\"ListItem\",\"position\":1,\"name\":\"Home\",\"item\":\"https:\/\/www.3eco.com\/es\/\"},{\"@type\":\"ListItem\",\"position\":2,\"name\":\"Seguridad qu\u00edmica y laboral\"}]},{\"@type\":\"WebSite\",\"@id\":\"https:\/\/www.3eco.com\/es\/#website\",\"url\":\"https:\/\/www.3eco.com\/es\/\",\"name\":\"3E\",\"description\":\"\",\"publisher\":{\"@id\":\"https:\/\/www.3eco.com\/es\/#organization\"},\"alternateName\":\"3E\",\"potentialAction\":[{\"@type\":\"SearchAction\",\"target\":{\"@type\":\"EntryPoint\",\"urlTemplate\":\"https:\/\/www.3eco.com\/es\/?s={search_term_string}\"},\"query-input\":{\"@type\":\"PropertyValueSpecification\",\"valueRequired\":true,\"valueName\":\"search_term_string\"}}],\"inLanguage\":\"es-ES\"},{\"@type\":\"Organization\",\"@id\":\"https:\/\/www.3eco.com\/es\/#organization\",\"name\":\"3E\",\"url\":\"https:\/\/www.3eco.com\/es\/\",\"logo\":{\"@type\":\"ImageObject\",\"inLanguage\":\"es-ES\",\"@id\":\"https:\/\/www.3eco.com\/es\/#\/schema\/logo\/image\/\",\"url\":\"https:\/\/www.3eco.com\/wp-content\/uploads\/2024\/05\/3e-logo.svg\",\"contentUrl\":\"https:\/\/www.3eco.com\/wp-content\/uploads\/2024\/05\/3e-logo.svg\",\"width\":82,\"height\":29,\"caption\":\"3E\"},\"image\":{\"@id\":\"https:\/\/www.3eco.com\/es\/#\/schema\/logo\/image\/\"},\"sameAs\":[\"https:\/\/web.facebook.com\/3ESaferWorld\",\"https:\/\/x.com\/3E_Safer_World\",\"https:\/\/www.youtube.com\/@Channel3E\",\"https:\/\/www.instagram.com\/3e_safer_world\/\",\"https:\/\/www.facebook.com\/3ESaferWorld\"],\"email\":\"support@3eco.com\"}]}<\/script>\n<!-- \/ Yoast SEO Premium plugin. -->","yoast_head_json":{"title":"Seguridad qu\u00edmica y laboral | 3E","description":"Garantizar la seguridad qu\u00edmica y laboral nunca ha sido tan dif\u00edcil ni tan importante. Aborda los retos fundamentales con 3E.","robots":{"index":"index","follow":"follow","max-snippet":"max-snippet:-1","max-image-preview":"max-image-preview:large","max-video-preview":"max-video-preview:-1"},"canonical":"https:\/\/www.3eco.com\/es\/seguridad-quimica-y-laboral\/","og_locale":"es_ES","og_type":"article","og_title":"Seguridad qu\u00edmica y laboral","og_description":"Garantizar la seguridad qu\u00edmica y laboral nunca ha sido tan dif\u00edcil ni tan importante. Aborda los retos fundamentales con 3E.","og_url":"https:\/\/www.3eco.com\/es\/seguridad-quimica-y-laboral\/","og_site_name":"3E","article_publisher":"https:\/\/web.facebook.com\/3ESaferWorld","og_image":[{"width":1200,"height":1200,"url":"https:\/\/www.3eco.com\/wp-content\/uploads\/2024\/05\/banner_1x1_workplace-safety-parent-page-overlay.jpg?v=1.0.10","type":"image\/jpeg"}],"twitter_card":"summary_large_image","twitter_site":"@3E_Safer_World","schema":{"@context":"https:\/\/schema.org","@graph":[{"@type":"WebPage","@id":"https:\/\/www.3eco.com\/es\/seguridad-quimica-y-laboral\/","url":"https:\/\/www.3eco.com\/es\/seguridad-quimica-y-laboral\/","name":"Seguridad qu\u00edmica y laboral | 3E","isPartOf":{"@id":"https:\/\/www.3eco.com\/es\/#website"},"primaryImageOfPage":{"@id":"https:\/\/www.3eco.com\/es\/seguridad-quimica-y-laboral\/#primaryimage"},"image":{"@id":"https:\/\/www.3eco.com\/es\/seguridad-quimica-y-laboral\/#primaryimage"},"thumbnailUrl":"https:\/\/www.3eco.com\/wp-content\/uploads\/2024\/05\/banner_1x1_workplace-safety-parent-page-overlay.jpg?v=1.0.10","datePublished":"2024-04-16T11:10:45+00:00","description":"Garantizar la seguridad qu\u00edmica y laboral nunca ha sido tan dif\u00edcil ni tan importante. Aborda los retos fundamentales con 3E.","breadcrumb":{"@id":"https:\/\/www.3eco.com\/es\/seguridad-quimica-y-laboral\/#breadcrumb"},"inLanguage":"es-ES","potentialAction":[{"@type":"ReadAction","target":["https:\/\/www.3eco.com\/es\/seguridad-quimica-y-laboral\/"]}]},{"@type":"ImageObject","inLanguage":"es-ES","@id":"https:\/\/www.3eco.com\/es\/seguridad-quimica-y-laboral\/#primaryimage","url":"https:\/\/www.3eco.com\/wp-content\/uploads\/2024\/05\/banner_1x1_workplace-safety-parent-page-overlay.jpg?v=1.0.10","contentUrl":"https:\/\/www.3eco.com\/wp-content\/uploads\/2024\/05\/banner_1x1_workplace-safety-parent-page-overlay.jpg?v=1.0.10","width":1200,"height":1200,"caption":"3E Protect structures chemical and SDS data according to defined normalization standards"},{"@type":"BreadcrumbList","@id":"https:\/\/www.3eco.com\/es\/seguridad-quimica-y-laboral\/#breadcrumb","itemListElement":[{"@type":"ListItem","position":1,"name":"Home","item":"https:\/\/www.3eco.com\/es\/"},{"@type":"ListItem","position":2,"name":"Seguridad qu\u00edmica y laboral"}]},{"@type":"WebSite","@id":"https:\/\/www.3eco.com\/es\/#website","url":"https:\/\/www.3eco.com\/es\/","name":"3E","description":"","publisher":{"@id":"https:\/\/www.3eco.com\/es\/#organization"},"alternateName":"3E","potentialAction":[{"@type":"SearchAction","target":{"@type":"EntryPoint","urlTemplate":"https:\/\/www.3eco.com\/es\/?s={search_term_string}"},"query-input":{"@type":"PropertyValueSpecification","valueRequired":true,"valueName":"search_term_string"}}],"inLanguage":"es-ES"},{"@type":"Organization","@id":"https:\/\/www.3eco.com\/es\/#organization","name":"3E","url":"https:\/\/www.3eco.com\/es\/","logo":{"@type":"ImageObject","inLanguage":"es-ES","@id":"https:\/\/www.3eco.com\/es\/#\/schema\/logo\/image\/","url":"https:\/\/www.3eco.com\/wp-content\/uploads\/2024\/05\/3e-logo.svg","contentUrl":"https:\/\/www.3eco.com\/wp-content\/uploads\/2024\/05\/3e-logo.svg","width":82,"height":29,"caption":"3E"},"image":{"@id":"https:\/\/www.3eco.com\/es\/#\/schema\/logo\/image\/"},"sameAs":["https:\/\/web.facebook.com\/3ESaferWorld","https:\/\/x.com\/3E_Safer_World","https:\/\/www.youtube.com\/@Channel3E","https:\/\/www.instagram.com\/3e_safer_world\/","https:\/\/www.facebook.com\/3ESaferWorld"],"email":"support@3eco.com"}]}},"_links":{"self":[{"href":"https:\/\/www.3eco.com\/es\/wp-json\/wp\/v2\/pages\/19955","targetHints":{"allow":["GET"]}}],"collection":[{"href":"https:\/\/www.3eco.com\/es\/wp-json\/wp\/v2\/pages"}],"about":[{"href":"https:\/\/www.3eco.com\/es\/wp-json\/wp\/v2\/types\/page"}],"author":[{"embeddable":true,"href":"https:\/\/www.3eco.com\/es\/wp-json\/wp\/v2\/users\/17"}],"replies":[{"embeddable":true,"href":"https:\/\/www.3eco.com\/es\/wp-json\/wp\/v2\/comments?post=19955"}],"version-history":[{"count":0,"href":"https:\/\/www.3eco.com\/es\/wp-json\/wp\/v2\/pages\/19955\/revisions"}],"wp:featuredmedia":[{"embeddable":true,"href":"https:\/\/www.3eco.com\/es\/wp-json\/wp\/v2\/media\/16042"}],"wp:attachment":[{"href":"https:\/\/www.3eco.com\/es\/wp-json\/wp\/v2\/media?parent=19955"}],"wp:term":[{"taxonomy":"capability","embeddable":true,"href":"https:\/\/www.3eco.com\/es\/wp-json\/wp\/v2\/capability?post=19955"},{"taxonomy":"content-type","embeddable":true,"href":"https:\/\/www.3eco.com\/es\/wp-json\/wp\/v2\/content-type?post=19955"},{"taxonomy":"industry","embeddable":true,"href":"https:\/\/www.3eco.com\/es\/wp-json\/wp\/v2\/industry?post=19955"},{"taxonomy":"product-and-service","embeddable":true,"href":"https:\/\/www.3eco.com\/es\/wp-json\/wp\/v2\/product-and-service?post=19955"},{"taxonomy":"region","embeddable":true,"href":"https:\/\/www.3eco.com\/es\/wp-json\/wp\/v2\/region?post=19955"},{"taxonomy":"service-type","embeddable":true,"href":"https:\/\/www.3eco.com\/es\/wp-json\/wp\/v2\/service-type?post=19955"},{"taxonomy":"solution","embeddable":true,"href":"https:\/\/www.3eco.com\/es\/wp-json\/wp\/v2\/solution?post=19955"},{"taxonomy":"topic","embeddable":true,"href":"https:\/\/www.3eco.com\/es\/wp-json\/wp\/v2\/topic?post=19955"}],"curies":[{"name":"wp","href":"https:\/\/api.w.org\/{rel}","templated":true}]}}