{"id":20638,"date":"2024-07-02T12:56:32","date_gmt":"2024-07-02T16:56:32","guid":{"rendered":"https:\/\/staging.3eco.com\/juridique\/declaration-de-politique-degalite-des-chances-en-matiere-demploi-et-daction-positive\/"},"modified":"2024-07-02T12:56:32","modified_gmt":"2024-07-02T16:56:32","slug":"declaration-de-politique-degalite-des-chances-en-matiere-demploi-et-daction-positive","status":"publish","type":"page","link":"https:\/\/www.3eco.com\/fr\/juridique\/declaration-de-politique-degalite-des-chances-en-matiere-demploi-et-daction-positive\/","title":{"rendered":"D\u00e9claration de politique d&#8217;\u00e9galit\u00e9 des chances en mati\u00e8re d&#8217;emploi et d&#8217;action positive"},"content":{"rendered":"<p>La politique de 3E\u2122 (la &#8220;soci\u00e9t\u00e9&#8221;) est, a \u00e9t\u00e9 et continuera d&#8217;\u00eatre l&#8217;\u00e9galit\u00e9 des chances en mati\u00e8re d&#8217;emploi, sans distinction de race, de religion, de croyance, de couleur, d&#8217;origine nationale, de sexe, d&#8217;\u00e2ge, de handicap, d&#8217;\u00e9tat civil, de grossesse, d&#8217;orientation sexuelle, de citoyennet\u00e9 ou de statut d&#8217;ancien combattant. En outre, l&#8217;entreprise a pour politique d&#8217;entreprendre des actions positives conform\u00e9ment \u00e0 toutes les exigences f\u00e9d\u00e9rales, \u00e9tatiques et locales.<\/p>\n<p>La poursuite de notre succ\u00e8s d\u00e9pend fortement de l&#8217;utilisation compl\u00e8te et efficace de personnes qualifi\u00e9es. Nous continuerons \u00e0 orienter nos pratiques en mati\u00e8re d&#8217;emploi de mani\u00e8re \u00e0 garantir l&#8217;\u00e9galit\u00e9 des chances pour tous. 3E entend que toutes les questions li\u00e9es aux actions en mati\u00e8re d&#8217;emploi, y compris, mais sans s&#8217;y limiter, le recrutement, l&#8217;embauche, la promotion, la mutation, le licenciement, les titres de poste, les taux de salaire ou autres formes de r\u00e9mun\u00e9ration et le traitement au travail soient exempts de pratiques discriminatoires ill\u00e9gales.<\/p>\n<p>En tant que contractant du gouvernement, nous sommes tenus de tenir des registres, de rendre compte au gouvernement f\u00e9d\u00e9ral et d&#8217;\u00e9laborer un programme d&#8217;action positive, qui d\u00e9finit les politiques, les pratiques et les proc\u00e9dures que la soci\u00e9t\u00e9 s&#8217;engage \u00e0 appliquer afin de garantir la mise en \u0153uvre de sa politique de non-discrimination et d&#8217;action positive \u00e0 l&#8217;\u00e9gard des femmes, des minorit\u00e9s, des personnes handicap\u00e9es, des anciens combattants sp\u00e9cialement handicap\u00e9s et d&#8217;autres anciens combattants prot\u00e9g\u00e9s. Ce programme d&#8217;action positive peut \u00eatre consult\u00e9 par tout employ\u00e9 ou candidat \u00e0 l&#8217;emploi, pendant les heures normales de bureau, au d\u00e9partement des ressources humaines. Les personnes int\u00e9ress\u00e9es peuvent contacter Carrie Kalmar, directrice principale des op\u00e9rations RH en Am\u00e9rique du Nord, au (760) 930-6652 pour obtenir de l&#8217;aide.<\/p>\n<p>Nous sollicitons la coop\u00e9ration et l&#8217;engagement de chacun d&#8217;entre vous pour garantir \u00e0 la fois le respect du plan d&#8217;action positive et des r\u00e9sultats positifs en ce qui concerne la politique de l&#8217;entreprise en mati\u00e8re d&#8217;\u00e9galit\u00e9 des chances dans l&#8217;emploi.<\/p>\n","protected":false},"excerpt":{"rendered":"<p>La politique de 3E\u2122 (la &#8220;soci\u00e9t\u00e9&#8221;) est, a \u00e9t\u00e9 et continuera d&#8217;\u00eatre l&#8217;\u00e9galit\u00e9 des chances en mati\u00e8re d&#8217;emploi, sans distinction de race, de religion, de croyance, de couleur, d&#8217;origine nationale, de sexe, d&#8217;\u00e2ge, de handicap, d&#8217;\u00e9tat civil, de grossesse, d&#8217;orientation sexuelle, de citoyennet\u00e9 ou de statut d&#8217;ancien combattant. En outre, l&#8217;entreprise a pour politique d&#8217;entreprendre [&hellip;]<\/p>\n","protected":false},"author":7,"featured_media":0,"parent":20595,"menu_order":0,"comment_status":"closed","ping_status":"closed","template":"page-policy.php","meta":{"_acf_changed":false,"inline_featured_image":false,"_3eco_schema_page_type":"","footnotes":""},"capability":[],"content-type":[],"industry":[],"product-and-service":[],"region":[],"service-type":[],"solution":[],"topic":[],"class_list":["post-20638","page","type-page","status-publish","hentry"],"acf":[],"yoast_head":"<!-- This site is optimized with the Yoast SEO Premium plugin v26.8 (Yoast SEO v27.1.1) - https:\/\/yoast.com\/product\/yoast-seo-premium-wordpress\/ -->\n<title>D\u00e9claration de politique d&#039;\u00e9galit\u00e9 des chances en mati\u00e8re d&#039;emploi et d&#039;action positive | 3E<\/title>\n<meta name=\"description\" content=\"La politique de 3E\u2122 (la &quot;soci\u00e9t\u00e9&quot;) est, a \u00e9t\u00e9 et continuera d&#039;\u00eatre l&#039;\u00e9galit\u00e9 des chances en mati\u00e8re d&#039;emploi, sans distinction de race, de religion, de\" \/>\n<meta name=\"robots\" content=\"index, follow, max-snippet:-1, max-image-preview:large, max-video-preview:-1\" \/>\n<link rel=\"canonical\" href=\"https:\/\/www.3eco.com\/fr\/juridique\/declaration-de-politique-degalite-des-chances-en-matiere-demploi-et-daction-positive\/\" \/>\n<meta property=\"og:locale\" content=\"fr_FR\" \/>\n<meta property=\"og:type\" content=\"article\" \/>\n<meta property=\"og:title\" content=\"D\u00e9claration de politique d&#039;\u00e9galit\u00e9 des chances en mati\u00e8re d&#039;emploi et d&#039;action positive\" \/>\n<meta property=\"og:description\" content=\"La politique de 3E\u2122 (la &quot;soci\u00e9t\u00e9&quot;) est, a \u00e9t\u00e9 et continuera d&#039;\u00eatre l&#039;\u00e9galit\u00e9 des chances en mati\u00e8re d&#039;emploi, sans distinction de race, de religion, de\" \/>\n<meta property=\"og:url\" content=\"https:\/\/www.3eco.com\/fr\/juridique\/declaration-de-politique-degalite-des-chances-en-matiere-demploi-et-daction-positive\/\" \/>\n<meta property=\"og:site_name\" content=\"3E\" \/>\n<meta property=\"article:publisher\" content=\"https:\/\/web.facebook.com\/3ESaferWorld\" \/>\n<meta name=\"twitter:card\" content=\"summary_large_image\" \/>\n<meta name=\"twitter:site\" content=\"@3E_Safer_World\" \/>\n<meta name=\"twitter:label1\" content=\"Est. reading time\" \/>\n\t<meta name=\"twitter:data1\" content=\"2 minutes\" \/>\n<script type=\"application\/ld+json\" class=\"yoast-schema-graph\">{\"@context\":\"https:\/\/schema.org\",\"@graph\":[{\"@type\":\"WebPage\",\"@id\":\"https:\/\/www.3eco.com\/fr\/juridique\/declaration-de-politique-degalite-des-chances-en-matiere-demploi-et-daction-positive\/\",\"url\":\"https:\/\/www.3eco.com\/fr\/juridique\/declaration-de-politique-degalite-des-chances-en-matiere-demploi-et-daction-positive\/\",\"name\":\"D\u00e9claration de politique d'\u00e9galit\u00e9 des chances en mati\u00e8re d'emploi et d'action positive | 3E\",\"isPartOf\":{\"@id\":\"https:\/\/www.3eco.com\/fr\/#website\"},\"datePublished\":\"2024-07-02T16:56:32+00:00\",\"description\":\"La politique de 3E\u2122 (la \\\"soci\u00e9t\u00e9\\\") est, a \u00e9t\u00e9 et continuera d'\u00eatre l'\u00e9galit\u00e9 des chances en mati\u00e8re d'emploi, sans distinction de race, de religion, de\",\"breadcrumb\":{\"@id\":\"https:\/\/www.3eco.com\/fr\/juridique\/declaration-de-politique-degalite-des-chances-en-matiere-demploi-et-daction-positive\/#breadcrumb\"},\"inLanguage\":\"fr-FR\",\"potentialAction\":[{\"@type\":\"ReadAction\",\"target\":[\"https:\/\/www.3eco.com\/fr\/juridique\/declaration-de-politique-degalite-des-chances-en-matiere-demploi-et-daction-positive\/\"]}]},{\"@type\":\"BreadcrumbList\",\"@id\":\"https:\/\/www.3eco.com\/fr\/juridique\/declaration-de-politique-degalite-des-chances-en-matiere-demploi-et-daction-positive\/#breadcrumb\",\"itemListElement\":[{\"@type\":\"ListItem\",\"position\":1,\"name\":\"Home\",\"item\":\"https:\/\/www.3eco.com\/fr\/homepage\/\"},{\"@type\":\"ListItem\",\"position\":2,\"name\":\"Juridique\",\"item\":\"https:\/\/www.3eco.com\/fr\/juridique\/\"},{\"@type\":\"ListItem\",\"position\":3,\"name\":\"D\u00e9claration de politique d&#8217;\u00e9galit\u00e9 des chances en mati\u00e8re d&#8217;emploi et d&#8217;action positive\"}]},{\"@type\":\"WebSite\",\"@id\":\"https:\/\/www.3eco.com\/fr\/#website\",\"url\":\"https:\/\/www.3eco.com\/fr\/\",\"name\":\"3E\",\"description\":\"\",\"publisher\":{\"@id\":\"https:\/\/www.3eco.com\/fr\/#organization\"},\"alternateName\":\"3E\",\"potentialAction\":[{\"@type\":\"SearchAction\",\"target\":{\"@type\":\"EntryPoint\",\"urlTemplate\":\"https:\/\/www.3eco.com\/fr\/?s={search_term_string}\"},\"query-input\":{\"@type\":\"PropertyValueSpecification\",\"valueRequired\":true,\"valueName\":\"search_term_string\"}}],\"inLanguage\":\"fr-FR\"},{\"@type\":\"Organization\",\"@id\":\"https:\/\/www.3eco.com\/fr\/#organization\",\"name\":\"3E\",\"url\":\"https:\/\/www.3eco.com\/fr\/\",\"logo\":{\"@type\":\"ImageObject\",\"inLanguage\":\"fr-FR\",\"@id\":\"https:\/\/www.3eco.com\/fr\/#\/schema\/logo\/image\/\",\"url\":\"https:\/\/www.3eco.com\/wp-content\/uploads\/2024\/05\/3e-logo.svg\",\"contentUrl\":\"https:\/\/www.3eco.com\/wp-content\/uploads\/2024\/05\/3e-logo.svg\",\"width\":82,\"height\":29,\"caption\":\"3E\"},\"image\":{\"@id\":\"https:\/\/www.3eco.com\/fr\/#\/schema\/logo\/image\/\"},\"sameAs\":[\"https:\/\/web.facebook.com\/3ESaferWorld\",\"https:\/\/x.com\/3E_Safer_World\",\"https:\/\/www.youtube.com\/@Channel3E\",\"https:\/\/www.instagram.com\/3e_safer_world\/\",\"https:\/\/www.facebook.com\/3ESaferWorld\"],\"email\":\"support@3eco.com\"}]}<\/script>\n<!-- \/ Yoast SEO Premium plugin. -->","yoast_head_json":{"title":"D\u00e9claration de politique d'\u00e9galit\u00e9 des chances en mati\u00e8re d'emploi et d'action positive | 3E","description":"La politique de 3E\u2122 (la \"soci\u00e9t\u00e9\") est, a \u00e9t\u00e9 et continuera d'\u00eatre l'\u00e9galit\u00e9 des chances en mati\u00e8re d'emploi, sans distinction de race, de religion, de","robots":{"index":"index","follow":"follow","max-snippet":"max-snippet:-1","max-image-preview":"max-image-preview:large","max-video-preview":"max-video-preview:-1"},"canonical":"https:\/\/www.3eco.com\/fr\/juridique\/declaration-de-politique-degalite-des-chances-en-matiere-demploi-et-daction-positive\/","og_locale":"fr_FR","og_type":"article","og_title":"D\u00e9claration de politique d'\u00e9galit\u00e9 des chances en mati\u00e8re d'emploi et d'action positive","og_description":"La politique de 3E\u2122 (la \"soci\u00e9t\u00e9\") est, a \u00e9t\u00e9 et continuera d'\u00eatre l'\u00e9galit\u00e9 des chances en mati\u00e8re d'emploi, sans distinction de race, de religion, de","og_url":"https:\/\/www.3eco.com\/fr\/juridique\/declaration-de-politique-degalite-des-chances-en-matiere-demploi-et-daction-positive\/","og_site_name":"3E","article_publisher":"https:\/\/web.facebook.com\/3ESaferWorld","twitter_card":"summary_large_image","twitter_site":"@3E_Safer_World","twitter_misc":{"Est. reading time":"2 minutes"},"schema":{"@context":"https:\/\/schema.org","@graph":[{"@type":"WebPage","@id":"https:\/\/www.3eco.com\/fr\/juridique\/declaration-de-politique-degalite-des-chances-en-matiere-demploi-et-daction-positive\/","url":"https:\/\/www.3eco.com\/fr\/juridique\/declaration-de-politique-degalite-des-chances-en-matiere-demploi-et-daction-positive\/","name":"D\u00e9claration de politique d'\u00e9galit\u00e9 des chances en mati\u00e8re d'emploi et d'action positive | 3E","isPartOf":{"@id":"https:\/\/www.3eco.com\/fr\/#website"},"datePublished":"2024-07-02T16:56:32+00:00","description":"La politique de 3E\u2122 (la \"soci\u00e9t\u00e9\") est, a \u00e9t\u00e9 et continuera d'\u00eatre l'\u00e9galit\u00e9 des chances en mati\u00e8re d'emploi, sans distinction de race, de religion, de","breadcrumb":{"@id":"https:\/\/www.3eco.com\/fr\/juridique\/declaration-de-politique-degalite-des-chances-en-matiere-demploi-et-daction-positive\/#breadcrumb"},"inLanguage":"fr-FR","potentialAction":[{"@type":"ReadAction","target":["https:\/\/www.3eco.com\/fr\/juridique\/declaration-de-politique-degalite-des-chances-en-matiere-demploi-et-daction-positive\/"]}]},{"@type":"BreadcrumbList","@id":"https:\/\/www.3eco.com\/fr\/juridique\/declaration-de-politique-degalite-des-chances-en-matiere-demploi-et-daction-positive\/#breadcrumb","itemListElement":[{"@type":"ListItem","position":1,"name":"Home","item":"https:\/\/www.3eco.com\/fr\/homepage\/"},{"@type":"ListItem","position":2,"name":"Juridique","item":"https:\/\/www.3eco.com\/fr\/juridique\/"},{"@type":"ListItem","position":3,"name":"D\u00e9claration de politique d&#8217;\u00e9galit\u00e9 des chances en mati\u00e8re d&#8217;emploi et d&#8217;action positive"}]},{"@type":"WebSite","@id":"https:\/\/www.3eco.com\/fr\/#website","url":"https:\/\/www.3eco.com\/fr\/","name":"3E","description":"","publisher":{"@id":"https:\/\/www.3eco.com\/fr\/#organization"},"alternateName":"3E","potentialAction":[{"@type":"SearchAction","target":{"@type":"EntryPoint","urlTemplate":"https:\/\/www.3eco.com\/fr\/?s={search_term_string}"},"query-input":{"@type":"PropertyValueSpecification","valueRequired":true,"valueName":"search_term_string"}}],"inLanguage":"fr-FR"},{"@type":"Organization","@id":"https:\/\/www.3eco.com\/fr\/#organization","name":"3E","url":"https:\/\/www.3eco.com\/fr\/","logo":{"@type":"ImageObject","inLanguage":"fr-FR","@id":"https:\/\/www.3eco.com\/fr\/#\/schema\/logo\/image\/","url":"https:\/\/www.3eco.com\/wp-content\/uploads\/2024\/05\/3e-logo.svg","contentUrl":"https:\/\/www.3eco.com\/wp-content\/uploads\/2024\/05\/3e-logo.svg","width":82,"height":29,"caption":"3E"},"image":{"@id":"https:\/\/www.3eco.com\/fr\/#\/schema\/logo\/image\/"},"sameAs":["https:\/\/web.facebook.com\/3ESaferWorld","https:\/\/x.com\/3E_Safer_World","https:\/\/www.youtube.com\/@Channel3E","https:\/\/www.instagram.com\/3e_safer_world\/","https:\/\/www.facebook.com\/3ESaferWorld"],"email":"support@3eco.com"}]}},"_links":{"self":[{"href":"https:\/\/www.3eco.com\/fr\/wp-json\/wp\/v2\/pages\/20638","targetHints":{"allow":["GET"]}}],"collection":[{"href":"https:\/\/www.3eco.com\/fr\/wp-json\/wp\/v2\/pages"}],"about":[{"href":"https:\/\/www.3eco.com\/fr\/wp-json\/wp\/v2\/types\/page"}],"author":[{"embeddable":true,"href":"https:\/\/www.3eco.com\/fr\/wp-json\/wp\/v2\/users\/7"}],"replies":[{"embeddable":true,"href":"https:\/\/www.3eco.com\/fr\/wp-json\/wp\/v2\/comments?post=20638"}],"version-history":[{"count":0,"href":"https:\/\/www.3eco.com\/fr\/wp-json\/wp\/v2\/pages\/20638\/revisions"}],"up":[{"embeddable":true,"href":"https:\/\/www.3eco.com\/fr\/wp-json\/wp\/v2\/pages\/20595"}],"wp:attachment":[{"href":"https:\/\/www.3eco.com\/fr\/wp-json\/wp\/v2\/media?parent=20638"}],"wp:term":[{"taxonomy":"capability","embeddable":true,"href":"https:\/\/www.3eco.com\/fr\/wp-json\/wp\/v2\/capability?post=20638"},{"taxonomy":"content-type","embeddable":true,"href":"https:\/\/www.3eco.com\/fr\/wp-json\/wp\/v2\/content-type?post=20638"},{"taxonomy":"industry","embeddable":true,"href":"https:\/\/www.3eco.com\/fr\/wp-json\/wp\/v2\/industry?post=20638"},{"taxonomy":"product-and-service","embeddable":true,"href":"https:\/\/www.3eco.com\/fr\/wp-json\/wp\/v2\/product-and-service?post=20638"},{"taxonomy":"region","embeddable":true,"href":"https:\/\/www.3eco.com\/fr\/wp-json\/wp\/v2\/region?post=20638"},{"taxonomy":"service-type","embeddable":true,"href":"https:\/\/www.3eco.com\/fr\/wp-json\/wp\/v2\/service-type?post=20638"},{"taxonomy":"solution","embeddable":true,"href":"https:\/\/www.3eco.com\/fr\/wp-json\/wp\/v2\/solution?post=20638"},{"taxonomy":"topic","embeddable":true,"href":"https:\/\/www.3eco.com\/fr\/wp-json\/wp\/v2\/topic?post=20638"}],"curies":[{"name":"wp","href":"https:\/\/api.w.org\/{rel}","templated":true}]}}